{"id":51,"date":"2025-10-16T23:58:18","date_gmt":"2025-10-16T23:58:18","guid":{"rendered":"https:\/\/espacioaraucochillan.cl\/?page_id=51"},"modified":"2026-01-30T16:42:11","modified_gmt":"2026-01-30T16:42:11","slug":"espacio-arauco-chillan","status":"publish","type":"page","link":"https:\/\/espacioaraucochillan.cl\/","title":{"rendered":"Espacio Arauco Chill\u00e1n"},"content":{"rendered":"\n<ul class=\"wp-block-social-links is-layout-flex wp-block-social-links-is-layout-flex\"><li class=\"wp-social-link wp-social-link-facebook  wp-block-social-link\"><a href=\"https:\/\/www.facebook.com\/artcult.jamettacevedo\" class=\"wp-block-social-link-anchor\"><svg width=\"24\" height=\"24\" viewBox=\"0 0 24 24\" version=\"1.1\" xmlns=\"http:\/\/www.w3.org\/2000\/svg\" aria-hidden=\"true\" focusable=\"false\"><path d=\"M12 2C6.5 2 2 6.5 2 12c0 5 3.7 9.1 8.4 9.9v-7H7.9V12h2.5V9.8c0-2.5 1.5-3.9 3.8-3.9 1.1 0 2.2.2 2.2.2v2.5h-1.3c-1.2 0-1.6.8-1.6 1.6V12h2.8l-.4 2.9h-2.3v7C18.3 21.1 22 17 22 12c0-5.5-4.5-10-10-10z\"><\/path><\/svg><span class=\"wp-block-social-link-label screen-reader-text\">Facebook<\/span><\/a><\/li>\n\n<li class=\"wp-social-link wp-social-link-instagram  wp-block-social-link\"><a href=\"https:\/\/www.instagram.com\/espacioaraucochillan\/?hl=es-la\" class=\"wp-block-social-link-anchor\"><svg width=\"24\" height=\"24\" viewBox=\"0 0 24 24\" version=\"1.1\" xmlns=\"http:\/\/www.w3.org\/2000\/svg\" aria-hidden=\"true\" focusable=\"false\"><path d=\"M12,4.622c2.403,0,2.688,0.009,3.637,0.052c0.877,0.04,1.354,0.187,1.671,0.31c0.42,0.163,0.72,0.358,1.035,0.673 c0.315,0.315,0.51,0.615,0.673,1.035c0.123,0.317,0.27,0.794,0.31,1.671c0.043,0.949,0.052,1.234,0.052,3.637 s-0.009,2.688-0.052,3.637c-0.04,0.877-0.187,1.354-0.31,1.671c-0.163,0.42-0.358,0.72-0.673,1.035 c-0.315,0.315-0.615,0.51-1.035,0.673c-0.317,0.123-0.794,0.27-1.671,0.31c-0.949,0.043-1.233,0.052-3.637,0.052 s-2.688-0.009-3.637-0.052c-0.877-0.04-1.354-0.187-1.671-0.31c-0.42-0.163-0.72-0.358-1.035-0.673 c-0.315-0.315-0.51-0.615-0.673-1.035c-0.123-0.317-0.27-0.794-0.31-1.671C4.631,14.688,4.622,14.403,4.622,12 s0.009-2.688,0.052-3.637c0.04-0.877,0.187-1.354,0.31-1.671c0.163-0.42,0.358-0.72,0.673-1.035 c0.315-0.315,0.615-0.51,1.035-0.673c0.317-0.123,0.794-0.27,1.671-0.31C9.312,4.631,9.597,4.622,12,4.622 M12,3 C9.556,3,9.249,3.01,8.289,3.054C7.331,3.098,6.677,3.25,6.105,3.472C5.513,3.702,5.011,4.01,4.511,4.511 c-0.5,0.5-0.808,1.002-1.038,1.594C3.25,6.677,3.098,7.331,3.054,8.289C3.01,9.249,3,9.556,3,12c0,2.444,0.01,2.751,0.054,3.711 c0.044,0.958,0.196,1.612,0.418,2.185c0.23,0.592,0.538,1.094,1.038,1.594c0.5,0.5,1.002,0.808,1.594,1.038 c0.572,0.222,1.227,0.375,2.185,0.418C9.249,20.99,9.556,21,12,21s2.751-0.01,3.711-0.054c0.958-0.044,1.612-0.196,2.185-0.418 c0.592-0.23,1.094-0.538,1.594-1.038c0.5-0.5,0.808-1.002,1.038-1.594c0.222-0.572,0.375-1.227,0.418-2.185 C20.99,14.751,21,14.444,21,12s-0.01-2.751-0.054-3.711c-0.044-0.958-0.196-1.612-0.418-2.185c-0.23-0.592-0.538-1.094-1.038-1.594 c-0.5-0.5-1.002-0.808-1.594-1.038c-0.572-0.222-1.227-0.375-2.185-0.418C14.751,3.01,14.444,3,12,3L12,3z M12,7.378 c-2.552,0-4.622,2.069-4.622,4.622S9.448,16.622,12,16.622s4.622-2.069,4.622-4.622S14.552,7.378,12,7.378z M12,15 c-1.657,0-3-1.343-3-3s1.343-3,3-3s3,1.343,3,3S13.657,15,12,15z M16.804,6.116c-0.596,0-1.08,0.484-1.08,1.08 s0.484,1.08,1.08,1.08c0.596,0,1.08-0.484,1.08-1.08S17.401,6.116,16.804,6.116z\"><\/path><\/svg><span class=\"wp-block-social-link-label screen-reader-text\">Instagram<\/span><\/a><\/li>\n\n<li class=\"wp-social-link wp-social-link-whatsapp  wp-block-social-link\"><a href=\"https:\/\/wa.link\/8f3xt9\" class=\"wp-block-social-link-anchor\"><svg width=\"24\" height=\"24\" viewBox=\"0 0 24 24\" version=\"1.1\" xmlns=\"http:\/\/www.w3.org\/2000\/svg\" aria-hidden=\"true\" focusable=\"false\"><path d=\"M 12.011719 2 C 6.5057187 2 2.0234844 6.478375 2.0214844 11.984375 C 2.0204844 13.744375 2.4814687 15.462563 3.3554688 16.976562 L 2 22 L 7.2324219 20.763672 C 8.6914219 21.559672 10.333859 21.977516 12.005859 21.978516 L 12.009766 21.978516 C 17.514766 21.978516 21.995047 17.499141 21.998047 11.994141 C 22.000047 9.3251406 20.962172 6.8157344 19.076172 4.9277344 C 17.190172 3.0407344 14.683719 2.001 12.011719 2 z M 12.009766 4 C 14.145766 4.001 16.153109 4.8337969 17.662109 6.3417969 C 19.171109 7.8517969 20.000047 9.8581875 19.998047 11.992188 C 19.996047 16.396187 16.413812 19.978516 12.007812 19.978516 C 10.674812 19.977516 9.3544062 19.642812 8.1914062 19.007812 L 7.5175781 18.640625 L 6.7734375 18.816406 L 4.8046875 19.28125 L 5.2851562 17.496094 L 5.5019531 16.695312 L 5.0878906 15.976562 C 4.3898906 14.768562 4.0204844 13.387375 4.0214844 11.984375 C 4.0234844 7.582375 7.6067656 4 12.009766 4 z M 8.4765625 7.375 C 8.3095625 7.375 8.0395469 7.4375 7.8105469 7.6875 C 7.5815469 7.9365 6.9355469 8.5395781 6.9355469 9.7675781 C 6.9355469 10.995578 7.8300781 12.182609 7.9550781 12.349609 C 8.0790781 12.515609 9.68175 15.115234 12.21875 16.115234 C 14.32675 16.946234 14.754891 16.782234 15.212891 16.740234 C 15.670891 16.699234 16.690438 16.137687 16.898438 15.554688 C 17.106437 14.971687 17.106922 14.470187 17.044922 14.367188 C 16.982922 14.263188 16.816406 14.201172 16.566406 14.076172 C 16.317406 13.951172 15.090328 13.348625 14.861328 13.265625 C 14.632328 13.182625 14.464828 13.140625 14.298828 13.390625 C 14.132828 13.640625 13.655766 14.201187 13.509766 14.367188 C 13.363766 14.534188 13.21875 14.556641 12.96875 14.431641 C 12.71875 14.305641 11.914938 14.041406 10.960938 13.191406 C 10.218937 12.530406 9.7182656 11.714844 9.5722656 11.464844 C 9.4272656 11.215844 9.5585938 11.079078 9.6835938 10.955078 C 9.7955938 10.843078 9.9316406 10.663578 10.056641 10.517578 C 10.180641 10.371578 10.223641 10.267562 10.306641 10.101562 C 10.389641 9.9355625 10.347156 9.7890625 10.285156 9.6640625 C 10.223156 9.5390625 9.737625 8.3065 9.515625 7.8125 C 9.328625 7.3975 9.131125 7.3878594 8.953125 7.3808594 C 8.808125 7.3748594 8.6425625 7.375 8.4765625 7.375 z\"><\/path><\/svg><span class=\"wp-block-social-link-label screen-reader-text\">WhatsApp<\/span><\/a><\/li><\/ul>\n\n\n<div class=\"wp-block-image\">\n<figure class=\"aligncenter size-full\"><img loading=\"lazy\" decoding=\"async\" width=\"500\" height=\"174\" src=\"https:\/\/espacioaraucochillan.cl\/wp-content\/uploads\/2025\/10\/cropped-logoespacioaraucochillan.jpg\" alt=\"\" class=\"wp-image-12\" srcset=\"https:\/\/espacioaraucochillan.cl\/wp-content\/uploads\/2025\/10\/cropped-logoespacioaraucochillan.jpg 500w, https:\/\/espacioaraucochillan.cl\/wp-content\/uploads\/2025\/10\/cropped-logoespacioaraucochillan-300x104.jpg 300w, https:\/\/espacioaraucochillan.cl\/wp-content\/uploads\/2025\/10\/cropped-logoespacioaraucochillan-172x60.jpg 172w\" sizes=\"auto, (max-width: 500px) 100vw, 500px\" \/><\/figure>\n<\/div>\n\n\n<p>Donde el arte y la cultura se fusionan con la Moda y la est\u00e9tica.<\/p>\n\n\n\n<p>Ubicado en el coraz\u00f3n de Chill\u00e1n, en calle Arauco #837, segundo piso, Espacio Arauco Chill\u00e1n es mucho m\u00e1s que un strip center: es un punto de encuentro donde conviven diversos conceptos comerciales con una fuerte identidad art\u00edstica y cultural.<\/p>\n\n\n\n<p>Bajo la gerencia general del destacado bailar\u00edn, core\u00f3grafo y gestor cultural Jos\u00e9 Manuel Jamett, este espacio se ha convertido en un referente urbano donde la creatividad, el emprendimiento y la belleza se integran en un solo lugar.<\/p>\n\n\n\n<p>En Espacio Arauco Chill\u00e1n encontrar\u00e1s:<\/p>\n\n\n\n<p><strong>Elegancia y Estilo:<\/strong> Tienda de vestidos de novia y fiesta, decoraci\u00f3n, perfumer\u00eda y joyer\u00eda.<\/p>\n\n\n\n<p><strong>Escuela de Baile JMJ:<\/strong> Clases de Tango, Cueca, Salsa, Merengue, Bachata y Baile Entretenido para todas las edades.<\/p>\n\n\n\n<p><strong>Caf\u00e9 de las Artes:<\/strong> Un rinc\u00f3n acogedor con especialidad en dulces caseros, variedades de caf\u00e9 y t\u00e9, ideal para compartir y disfrutar del arte local.<\/p>\n\n\n\n<p><strong>Work Pilates: <\/strong>Espacio dedicado al bienestar f\u00edsico y mental.<\/p>\n\n\n\n<p><strong>Sal\u00f3n de Belleza Integral Marcela Jamett:<\/strong> Servicios de est\u00e9tica, peluquer\u00eda y cuidado personal.<\/p>\n\n\n\n<p><strong>Galer\u00eda de Arte:<\/strong> Exposiciones permanentes y temporales de artistas visuales locales y nacionales.<\/p>\n\n\n\n<p><strong>Escuela de Modelaje \u00c9clat:<\/strong> Formaci\u00f3n integral en proyecci\u00f3n esc\u00e9nica, pasarela, imagen y desarrollo personal.<\/p>\n\n\n\n<p>En cada rinc\u00f3n de Espacio Arauco Chill\u00e1n se respira creatividad, elegancia y pasi\u00f3n. Aqu\u00ed, la moda, la est\u00e9tica, el arte y la cultura se fusionan para dar vida a una experiencia \u00fanica&nbsp;en&nbsp;la&nbsp;ciudad.<\/p>\n","protected":false},"excerpt":{"rendered":"<p>Donde el arte y la cultura se fusionan con la Moda y la est\u00e9tica. Ubicado en el coraz\u00f3n de Chill\u00e1n, en calle Arauco #837, segundo piso, Espacio Arauco Chill\u00e1n es mucho m\u00e1s que un strip center: es un punto de encuentro donde conviven diversos conceptos comerciales con una fuerte identidad art\u00edstica y cultural. Bajo la &hellip; <\/p>\n","protected":false},"author":1,"featured_media":0,"parent":0,"menu_order":0,"comment_status":"closed","ping_status":"closed","template":"","meta":{"footnotes":""},"class_list":["post-51","page","type-page","status-publish","hentry","latest_post"],"yoast_head":"<!-- This site is optimized with the Yoast SEO plugin v26.1.1 - https:\/\/yoast.com\/wordpress\/plugins\/seo\/ -->\n<title>Espacio Arauco Chill\u00e1n - espacioarauco<\/title>\n<meta name=\"robots\" content=\"index, follow, max-snippet:-1, max-image-preview:large, max-video-preview:-1\" \/>\n<link rel=\"canonical\" href=\"https:\/\/espacioaraucochillan.cl\/\" \/>\n<meta property=\"og:locale\" content=\"es_ES\" \/>\n<meta property=\"og:type\" content=\"article\" \/>\n<meta property=\"og:title\" content=\"Espacio Arauco Chill\u00e1n - espacioarauco\" \/>\n<meta property=\"og:description\" content=\"Donde el arte y la cultura se fusionan con la Moda y la est\u00e9tica. Ubicado en el coraz\u00f3n de Chill\u00e1n, en calle Arauco #837, segundo piso, Espacio Arauco Chill\u00e1n es mucho m\u00e1s que un strip center: es un punto de encuentro donde conviven diversos conceptos comerciales con una fuerte identidad art\u00edstica y cultural. Bajo la &hellip;\" \/>\n<meta property=\"og:url\" content=\"https:\/\/espacioaraucochillan.cl\/\" \/>\n<meta property=\"og:site_name\" content=\"espacioarauco\" \/>\n<meta property=\"article:modified_time\" content=\"2026-01-30T16:42:11+00:00\" \/>\n<meta property=\"og:image\" content=\"https:\/\/espacioaraucochillan.cl\/wp-content\/uploads\/2025\/10\/cropped-logoespacioaraucochillan.jpg\" \/>\n\t<meta property=\"og:image:width\" content=\"500\" \/>\n\t<meta property=\"og:image:height\" content=\"174\" \/>\n\t<meta property=\"og:image:type\" content=\"image\/jpeg\" \/>\n<meta name=\"twitter:card\" content=\"summary_large_image\" \/>\n<meta name=\"twitter:label1\" content=\"Tiempo de lectura\" \/>\n\t<meta name=\"twitter:data1\" content=\"2 minutos\" \/>\n<script type=\"application\/ld+json\" class=\"yoast-schema-graph\">{\"@context\":\"https:\/\/schema.org\",\"@graph\":[{\"@type\":\"WebPage\",\"@id\":\"https:\/\/espacioaraucochillan.cl\/\",\"url\":\"https:\/\/espacioaraucochillan.cl\/\",\"name\":\"Espacio Arauco Chill\u00e1n - espacioarauco\",\"isPartOf\":{\"@id\":\"https:\/\/espacioaraucochillan.cl\/#website\"},\"primaryImageOfPage\":{\"@id\":\"https:\/\/espacioaraucochillan.cl\/#primaryimage\"},\"image\":{\"@id\":\"https:\/\/espacioaraucochillan.cl\/#primaryimage\"},\"thumbnailUrl\":\"https:\/\/espacioaraucochillan.cl\/wp-content\/uploads\/2025\/10\/cropped-logoespacioaraucochillan.jpg\",\"datePublished\":\"2025-10-16T23:58:18+00:00\",\"dateModified\":\"2026-01-30T16:42:11+00:00\",\"breadcrumb\":{\"@id\":\"https:\/\/espacioaraucochillan.cl\/#breadcrumb\"},\"inLanguage\":\"es\",\"potentialAction\":[{\"@type\":\"ReadAction\",\"target\":[\"https:\/\/espacioaraucochillan.cl\/\"]}]},{\"@type\":\"ImageObject\",\"inLanguage\":\"es\",\"@id\":\"https:\/\/espacioaraucochillan.cl\/#primaryimage\",\"url\":\"https:\/\/espacioaraucochillan.cl\/wp-content\/uploads\/2025\/10\/cropped-logoespacioaraucochillan.jpg\",\"contentUrl\":\"https:\/\/espacioaraucochillan.cl\/wp-content\/uploads\/2025\/10\/cropped-logoespacioaraucochillan.jpg\",\"width\":500,\"height\":174},{\"@type\":\"BreadcrumbList\",\"@id\":\"https:\/\/espacioaraucochillan.cl\/#breadcrumb\",\"itemListElement\":[{\"@type\":\"ListItem\",\"position\":1,\"name\":\"Portada\",\"item\":\"https:\/\/espacioaraucochillan.cl\/\"},{\"@type\":\"ListItem\",\"position\":2,\"name\":\"Espacio Arauco Chill\u00e1n\"}]},{\"@type\":\"WebSite\",\"@id\":\"https:\/\/espacioaraucochillan.cl\/#website\",\"url\":\"https:\/\/espacioaraucochillan.cl\/\",\"name\":\"espacioarauco\",\"description\":\"\",\"publisher\":{\"@id\":\"https:\/\/espacioaraucochillan.cl\/#organization\"},\"potentialAction\":[{\"@type\":\"SearchAction\",\"target\":{\"@type\":\"EntryPoint\",\"urlTemplate\":\"https:\/\/espacioaraucochillan.cl\/?s={search_term_string}\"},\"query-input\":{\"@type\":\"PropertyValueSpecification\",\"valueRequired\":true,\"valueName\":\"search_term_string\"}}],\"inLanguage\":\"es\"},{\"@type\":\"Organization\",\"@id\":\"https:\/\/espacioaraucochillan.cl\/#organization\",\"name\":\"espacioarauco\",\"url\":\"https:\/\/espacioaraucochillan.cl\/\",\"logo\":{\"@type\":\"ImageObject\",\"inLanguage\":\"es\",\"@id\":\"https:\/\/espacioaraucochillan.cl\/#\/schema\/logo\/image\/\",\"url\":\"https:\/\/espacioaraucochillan.cl\/wp-content\/uploads\/2025\/10\/cropped-logoespacioaraucochillan.jpg\",\"contentUrl\":\"https:\/\/espacioaraucochillan.cl\/wp-content\/uploads\/2025\/10\/cropped-logoespacioaraucochillan.jpg\",\"width\":500,\"height\":174,\"caption\":\"espacioarauco\"},\"image\":{\"@id\":\"https:\/\/espacioaraucochillan.cl\/#\/schema\/logo\/image\/\"}}]}<\/script>\n<!-- \/ Yoast SEO plugin. -->","yoast_head_json":{"title":"Espacio Arauco Chill\u00e1n - espacioarauco","robots":{"index":"index","follow":"follow","max-snippet":"max-snippet:-1","max-image-preview":"max-image-preview:large","max-video-preview":"max-video-preview:-1"},"canonical":"https:\/\/espacioaraucochillan.cl\/","og_locale":"es_ES","og_type":"article","og_title":"Espacio Arauco Chill\u00e1n - espacioarauco","og_description":"Donde el arte y la cultura se fusionan con la Moda y la est\u00e9tica. Ubicado en el coraz\u00f3n de Chill\u00e1n, en calle Arauco #837, segundo piso, Espacio Arauco Chill\u00e1n es mucho m\u00e1s que un strip center: es un punto de encuentro donde conviven diversos conceptos comerciales con una fuerte identidad art\u00edstica y cultural. Bajo la &hellip;","og_url":"https:\/\/espacioaraucochillan.cl\/","og_site_name":"espacioarauco","article_modified_time":"2026-01-30T16:42:11+00:00","og_image":[{"width":500,"height":174,"url":"https:\/\/espacioaraucochillan.cl\/wp-content\/uploads\/2025\/10\/cropped-logoespacioaraucochillan.jpg","type":"image\/jpeg"}],"twitter_card":"summary_large_image","twitter_misc":{"Tiempo de lectura":"2 minutos"},"schema":{"@context":"https:\/\/schema.org","@graph":[{"@type":"WebPage","@id":"https:\/\/espacioaraucochillan.cl\/","url":"https:\/\/espacioaraucochillan.cl\/","name":"Espacio Arauco Chill\u00e1n - espacioarauco","isPartOf":{"@id":"https:\/\/espacioaraucochillan.cl\/#website"},"primaryImageOfPage":{"@id":"https:\/\/espacioaraucochillan.cl\/#primaryimage"},"image":{"@id":"https:\/\/espacioaraucochillan.cl\/#primaryimage"},"thumbnailUrl":"https:\/\/espacioaraucochillan.cl\/wp-content\/uploads\/2025\/10\/cropped-logoespacioaraucochillan.jpg","datePublished":"2025-10-16T23:58:18+00:00","dateModified":"2026-01-30T16:42:11+00:00","breadcrumb":{"@id":"https:\/\/espacioaraucochillan.cl\/#breadcrumb"},"inLanguage":"es","potentialAction":[{"@type":"ReadAction","target":["https:\/\/espacioaraucochillan.cl\/"]}]},{"@type":"ImageObject","inLanguage":"es","@id":"https:\/\/espacioaraucochillan.cl\/#primaryimage","url":"https:\/\/espacioaraucochillan.cl\/wp-content\/uploads\/2025\/10\/cropped-logoespacioaraucochillan.jpg","contentUrl":"https:\/\/espacioaraucochillan.cl\/wp-content\/uploads\/2025\/10\/cropped-logoespacioaraucochillan.jpg","width":500,"height":174},{"@type":"BreadcrumbList","@id":"https:\/\/espacioaraucochillan.cl\/#breadcrumb","itemListElement":[{"@type":"ListItem","position":1,"name":"Portada","item":"https:\/\/espacioaraucochillan.cl\/"},{"@type":"ListItem","position":2,"name":"Espacio Arauco Chill\u00e1n"}]},{"@type":"WebSite","@id":"https:\/\/espacioaraucochillan.cl\/#website","url":"https:\/\/espacioaraucochillan.cl\/","name":"espacioarauco","description":"","publisher":{"@id":"https:\/\/espacioaraucochillan.cl\/#organization"},"potentialAction":[{"@type":"SearchAction","target":{"@type":"EntryPoint","urlTemplate":"https:\/\/espacioaraucochillan.cl\/?s={search_term_string}"},"query-input":{"@type":"PropertyValueSpecification","valueRequired":true,"valueName":"search_term_string"}}],"inLanguage":"es"},{"@type":"Organization","@id":"https:\/\/espacioaraucochillan.cl\/#organization","name":"espacioarauco","url":"https:\/\/espacioaraucochillan.cl\/","logo":{"@type":"ImageObject","inLanguage":"es","@id":"https:\/\/espacioaraucochillan.cl\/#\/schema\/logo\/image\/","url":"https:\/\/espacioaraucochillan.cl\/wp-content\/uploads\/2025\/10\/cropped-logoespacioaraucochillan.jpg","contentUrl":"https:\/\/espacioaraucochillan.cl\/wp-content\/uploads\/2025\/10\/cropped-logoespacioaraucochillan.jpg","width":500,"height":174,"caption":"espacioarauco"},"image":{"@id":"https:\/\/espacioaraucochillan.cl\/#\/schema\/logo\/image\/"}}]}},"_links":{"self":[{"href":"https:\/\/espacioaraucochillan.cl\/index.php\/wp-json\/wp\/v2\/pages\/51","targetHints":{"allow":["GET"]}}],"collection":[{"href":"https:\/\/espacioaraucochillan.cl\/index.php\/wp-json\/wp\/v2\/pages"}],"about":[{"href":"https:\/\/espacioaraucochillan.cl\/index.php\/wp-json\/wp\/v2\/types\/page"}],"author":[{"embeddable":true,"href":"https:\/\/espacioaraucochillan.cl\/index.php\/wp-json\/wp\/v2\/users\/1"}],"replies":[{"embeddable":true,"href":"https:\/\/espacioaraucochillan.cl\/index.php\/wp-json\/wp\/v2\/comments?post=51"}],"version-history":[{"count":3,"href":"https:\/\/espacioaraucochillan.cl\/index.php\/wp-json\/wp\/v2\/pages\/51\/revisions"}],"predecessor-version":[{"id":165,"href":"https:\/\/espacioaraucochillan.cl\/index.php\/wp-json\/wp\/v2\/pages\/51\/revisions\/165"}],"wp:attachment":[{"href":"https:\/\/espacioaraucochillan.cl\/index.php\/wp-json\/wp\/v2\/media?parent=51"}],"curies":[{"name":"wp","href":"https:\/\/api.w.org\/{rel}","templated":true}]}}